{"id":132,"date":"2020-10-10T15:18:23","date_gmt":"2020-10-10T15:18:23","guid":{"rendered":"https:\/\/demo.themedraft.net\/wp\/borex\/?page_id=132"},"modified":"2026-04-10T00:32:58","modified_gmt":"2026-04-09T21:32:58","slug":"iletisim","status":"publish","type":"page","link":"https:\/\/selinakinci.com.tr\/iletisim\/","title":{"rendered":"\u0130leti\u015fim"},"content":{"rendered":"\t\t<div data-elementor-type=\"wp-page\" data-elementor-id=\"132\" class=\"elementor elementor-132\">\n\t\t\t\t\t\t<section class=\"elementor-section elementor-top-section elementor-element elementor-element-1ad0c981 elementor-section-boxed elementor-section-height-default elementor-section-height-default\" data-id=\"1ad0c981\" data-element_type=\"section\" data-e-type=\"section\">\n\t\t\t\t\t\t<div class=\"elementor-container elementor-column-gap-default\">\n\t\t\t\t\t<div class=\"elementor-column elementor-col-100 elementor-top-column elementor-element elementor-element-36a2ab09\" data-id=\"36a2ab09\" data-element_type=\"column\" data-e-type=\"column\">\n\t\t\t<div class=\"elementor-widget-wrap elementor-element-populated\">\n\t\t\t\t\t\t<div class=\"elementor-element elementor-element-5de2d315 elementor-widget elementor-widget-themedraft_contact_info\" data-id=\"5de2d315\" data-element_type=\"widget\" data-e-type=\"widget\" data-widget_type=\"themedraft_contact_info.default\">\n\t\t\t\t<div class=\"elementor-widget-container\">\n\t\t\t\t\t\n\t\t<div class=\"td-contact-info-wrapper\">\n\t\t\t<div class=\"row\">\n                                        <div class=\"col-lg-4 col-md-6\">\n                            <div class=\"td-single-contact-info\">\n                                <div class=\"td-contact-info-icon\">\n\t\t\t\t                                                            <div class=\"td-icon-wrapper td-font-icon\">\n\t\t\t\t\t\t                    <i aria-hidden=\"true\" class=\"td-icon flaticon-business-placeholder\"><\/i>                                        <\/div>\n\t\t\t\t                                                    <\/div>\n\n                                <h4 class=\"td-info-title\">Adresimiz<\/h4>\n\n                                <div class=\"td-info-desc\"><p>\u0130stanbul T\u00fcrkiye<\/p><\/div>\n                            <\/div>\n                        <\/div>\n                                        <div class=\"col-lg-4 col-md-6\">\n                            <div class=\"td-single-contact-info\">\n                                <div class=\"td-contact-info-icon\">\n\t\t\t\t                                                            <div class=\"td-icon-wrapper td-font-icon\">\n\t\t\t\t\t\t                    <i aria-hidden=\"true\" class=\"td-icon flaticon-business-call\"><\/i>                                        <\/div>\n\t\t\t\t                                                    <\/div>\n\n                                <h4 class=\"td-info-title\">Telefon<\/h4>\n\n                                <div class=\"td-info-desc\"><p><strong>Telephone:<\/strong> <a href=\"tel:+90123456789\">+90 123 456 789<\/a><\/p><p><strong>Mobil:<\/strong> <a href=\"tel:+905102345678\">+90 512 345 678<\/a><\/p><p><strong>Fax:<\/strong> <a href=\"tel:+90123456789\">+90 123 456 789<\/a><\/p><\/div>\n                            <\/div>\n                        <\/div>\n                                        <div class=\"col-lg-4 col-md-6\">\n                            <div class=\"td-single-contact-info\">\n                                <div class=\"td-contact-info-icon\">\n\t\t\t\t                                                            <div class=\"td-icon-wrapper td-font-icon\">\n\t\t\t\t\t\t                    <i aria-hidden=\"true\" class=\"td-icon flaticon-business-email\"><\/i>                                        <\/div>\n\t\t\t\t                                                    <\/div>\n\n                                <h4 class=\"td-info-title\">Email<\/h4>\n\n                                <div class=\"td-info-desc\"><p><strong>Teklif:<\/strong> <a href=\"mailto:teklif@@akdenizfaktoring.com.tr\">teklif@akdenizfaktoring.com.tr<\/a><\/p><p><strong>Info:<\/strong> <a href=\"mailto:info@akdenizfaktoring.com.tr\">info@akdenizfaktoring.com.tr<\/a><\/p><\/div>\n                            <\/div>\n                        <\/div>\n                \n\n\n\n\t\t\t<\/div>\n\t\t<\/div>\n\n\t\t\t\t\t\t<\/div>\n\t\t\t\t<\/div>\n\t\t\t\t\t<\/div>\n\t\t<\/div>\n\t\t\t\t\t<\/div>\n\t\t<\/section>\n\t\t\t\t<section class=\"elementor-section elementor-top-section elementor-element elementor-element-7294b273 elementor-section-full_width elementor-section-stretched elementor-section-height-default elementor-section-height-default\" data-id=\"7294b273\" data-element_type=\"section\" data-e-type=\"section\" data-settings=\"{&quot;stretch_section&quot;:&quot;section-stretched&quot;,&quot;background_background&quot;:&quot;classic&quot;}\">\n\t\t\t\t\t\t\t<div class=\"elementor-background-overlay\"><\/div>\n\t\t\t\t\t\t\t<div class=\"elementor-container elementor-column-gap-default\">\n\t\t\t\t\t<div class=\"elementor-column elementor-col-100 elementor-top-column elementor-element elementor-element-77c1174a\" data-id=\"77c1174a\" data-element_type=\"column\" data-e-type=\"column\">\n\t\t\t<div class=\"elementor-widget-wrap elementor-element-populated\">\n\t\t\t\t\t\t<div class=\"elementor-element elementor-element-6aca2459 elementor-widget elementor-widget-themedraft_section_title_widget\" data-id=\"6aca2459\" data-element_type=\"widget\" data-e-type=\"widget\" data-widget_type=\"themedraft_section_title_widget.default\">\n\t\t\t\t<div class=\"elementor-widget-container\">\n\t\t\t\t\t\n\t\t<div class=\"td-section-title-wrapper \" >\n\t\t\t<div class=\"td-section-title-content\">\n                \t\t\t\t<div class=\"td-section-subtitle td-border-left-right\">\n\t\t\t\t\t<h6 class=\"td-subtitle\">\u0130leti\u015fim<\/h6>\n\t\t\t\t<\/div>\n                \n\t\t\t\t<div class=\"td-section-title\">\n\t\t\t\t\t<h2 class=\"td-title\">Akdeniz Finansal Faktoring A.\u015e.<\/h2>\n\t\t\t\t<\/div>\n\n                \t\t\t<\/div>\n\t\t<\/div>\n\n\t\t\t\t\t\t<\/div>\n\t\t\t\t<\/div>\n\t\t\t\t\t<\/div>\n\t\t<\/div>\n\t\t\t\t\t<\/div>\n\t\t<\/section>\n\t\t\t\t<section class=\"elementor-section elementor-top-section elementor-element elementor-element-330ce1ca elementor-section-boxed elementor-section-height-default elementor-section-height-default\" data-id=\"330ce1ca\" data-element_type=\"section\" data-e-type=\"section\" data-settings=\"{&quot;background_background&quot;:&quot;classic&quot;}\">\n\t\t\t\t\t\t<div class=\"elementor-container elementor-column-gap-extended\">\n\t\t\t\t\t<div class=\"elementor-column elementor-col-100 elementor-top-column elementor-element elementor-element-7f349a38\" data-id=\"7f349a38\" data-element_type=\"column\" data-e-type=\"column\">\n\t\t\t<div class=\"elementor-widget-wrap elementor-element-populated\">\n\t\t\t\t\t\t<div class=\"elementor-element elementor-element-1d5507d1 elementor-widget elementor-widget-themedraft_contact_form_seven\" data-id=\"1d5507d1\" data-element_type=\"widget\" data-e-type=\"widget\" data-widget_type=\"themedraft_contact_form_seven.default\">\n\t\t\t\t<div class=\"elementor-widget-container\">\n\t\t\t\t\t\n\t\t\t<div class=\"themedraft-contact-form-container \">\n                <h3 class=\"td-form-title\">\u0130leti\u015fim Formu<\/h3>\n\n\t\t\t\t                    <div class=\"td-form-desc\">\n\t\t\t\t\t\t<p>Dilek, istek, \u00f6neri, i\u015f birlikleri ve teklifleriniz i\u00e7in l\u00fctfen bizimle ileti\u015fime ge\u00e7iniz.<\/p>                    <\/div>\n\t\t\t\t\n\t\t\t\t\n<div class=\"wpcf7 no-js\" id=\"wpcf7-f95-o1\" lang=\"en-US\" dir=\"ltr\" data-wpcf7-id=\"95\">\n<div class=\"screen-reader-response\"><p role=\"status\" aria-live=\"polite\" aria-atomic=\"true\"><\/p> <ul><\/ul><\/div>\n<form action=\"\/index.php?rest_route=%2Fwp%2Fv2%2Fpages%2F132#wpcf7-f95-o1\" method=\"post\" class=\"wpcf7-form init\" aria-label=\"Contact form\" enctype=\"multipart\/form-data\" novalidate=\"novalidate\" data-status=\"init\">\n<fieldset class=\"hidden-fields-container\"><input type=\"hidden\" name=\"_wpcf7\" value=\"95\" \/><input type=\"hidden\" name=\"_wpcf7_version\" value=\"6.1.5\" \/><input type=\"hidden\" name=\"_wpcf7_locale\" value=\"en_US\" \/><input type=\"hidden\" name=\"_wpcf7_unit_tag\" value=\"wpcf7-f95-o1\" \/><input type=\"hidden\" name=\"_wpcf7_container_post\" value=\"0\" \/><input type=\"hidden\" name=\"_wpcf7_posted_data_hash\" value=\"\" \/>\n<\/fieldset>\n<div class=\"contact-page-form\">\n\t<div class=\"row\">\n\t\t<div class=\"col-lg-6 col-md-6\">\n\t\t\t<p><span class=\"wpcf7-form-control-wrap\" data-name=\"sender-name\"><input size=\"40\" maxlength=\"400\" class=\"wpcf7-form-control wpcf7-text wpcf7-validates-as-required\" aria-required=\"true\" aria-invalid=\"false\" placeholder=\"Ad\u0131n\u0131z*\" value=\"\" type=\"text\" name=\"sender-name\" \/><\/span>\n\t\t\t<\/p>\n\t\t<\/div>\n\t\t<div class=\"col-lg-6 col-md-6\">\n\t\t\t<p><span class=\"wpcf7-form-control-wrap\" data-name=\"sender-email\"><input size=\"40\" maxlength=\"400\" class=\"wpcf7-form-control wpcf7-email wpcf7-validates-as-required wpcf7-text wpcf7-validates-as-email\" aria-required=\"true\" aria-invalid=\"false\" placeholder=\"Email*\" value=\"\" type=\"email\" name=\"sender-email\" \/><\/span>\n\t\t\t<\/p>\n\t\t<\/div>\n\t\t<div class=\"col-lg-6 col-md-6\">\n\t\t\t<p><span class=\"wpcf7-form-control-wrap\" data-name=\"sender-subject\"><input size=\"40\" maxlength=\"400\" class=\"wpcf7-form-control wpcf7-text wpcf7-validates-as-required\" aria-required=\"true\" aria-invalid=\"false\" placeholder=\"Konu*\" value=\"\" type=\"text\" name=\"sender-subject\" \/><\/span>\n\t\t\t<\/p>\n\t\t<\/div>\n\t\t<div class=\"col-lg-6 col-md-6\">\n\t\t\t<p><span class=\"wpcf7-form-control-wrap\" data-name=\"sender-phone\"><input size=\"40\" maxlength=\"400\" class=\"wpcf7-form-control wpcf7-text wpcf7-validates-as-required\" aria-required=\"true\" aria-invalid=\"false\" placeholder=\"Telefon*\" value=\"\" type=\"text\" name=\"sender-phone\" \/><\/span>\n\t\t\t<\/p>\n\t\t<\/div>\n\t\t<div class=\"col-lg-12\">\n\t\t\t<p><span class=\"wpcf7-form-control-wrap\" data-name=\"sender-message\"><textarea cols=\"40\" rows=\"10\" maxlength=\"2000\" class=\"wpcf7-form-control wpcf7-textarea wpcf7-validates-as-required\" aria-required=\"true\" aria-invalid=\"false\" placeholder=\"Mesaj*\" name=\"sender-message\"><\/textarea><\/span>\n\t\t\t<\/p>\n\t\t<\/div>\n\t\t<div class=\"col-lg-12\">\n\t\t\t<p><span class=\"wpcf7-form-control-wrap\" data-name=\"file-685\"><input size=\"40\" class=\"wpcf7-form-control wpcf7-file\" accept=\"image\/*,.pdf\" aria-invalid=\"false\" type=\"file\" name=\"file-685\" \/><\/span><br \/>\nFoto\u011fraf veya PDF y\u00fckleyebilirsiniz, en y\u00fcksek dosya boyutu 5mb olabilir\n\t\t\t<\/p>\n\t\t<\/div>\n\t\t<div class=\"col-lg-12\">\n\t\t\t<p><span class=\"wpcf7-form-control-wrap\" data-name=\"acceptance-709\"><span class=\"wpcf7-form-control wpcf7-acceptance optional\"><span class=\"wpcf7-list-item\"><label><input type=\"checkbox\" name=\"acceptance-709\" value=\"1\" aria-invalid=\"false\" \/><span class=\"wpcf7-list-item-label\">Bilgilerimi ve g\u00f6nderdi\u011fim i\u00e7erikleri Akdeniz Finans Faktoring A.\u015e. ile payla\u015fmay\u0131 kabul ediyorum.<\/span><\/label><\/span><\/span><\/span>\n\t\t\t<\/p>\n\t\t<\/div>\n\t\t<div class=\"col-lg-12\">\n\t\t\t<p><button type=\"submit\" class=\"wpcf7-form-control wpcf7-submit\">G\u00f6nder<i class=\"fas fa-long-arrow-alt-right\"><\/i><\/button>\n\t\t\t<\/p>\n\t\t<\/div>\n\t<\/div>\n<\/div><div class=\"wpcf7-response-output\" aria-hidden=\"true\"><\/div>\n<\/form>\n<\/div>\n\t\t\t<\/div>\n\n\t\t\t\t\t\t\t<\/div>\n\t\t\t\t<\/div>\n\t\t\t\t\t<\/div>\n\t\t<\/div>\n\t\t\t\t\t<\/div>\n\t\t<\/section>\n\t\t\t\t<\/div>\n\t\t","protected":false},"excerpt":{"rendered":"<p>Adresimiz \u0130stanbul T\u00fcrkiye Telefon Telephone: +90 123 456 789 Mobil: +90 512 345 678 Fax: +90 123 456 789 Email Teklif: teklif@akdenizfaktoring.com.tr Info: info@akdenizfaktoring.com.tr \u0130leti\u015fim Akdeniz Finansal Faktoring A.\u015e. \u0130leti\u015fim Formu Dilek, istek, \u00f6neri, i\u015f birlikleri ve teklifleriniz i\u00e7in l\u00fctfen bizimle ileti\u015fime ge\u00e7iniz. Bilgilerimi ve g\u00f6nderdi\u011fim i\u00e7erikleri Akdeniz Finans Faktoring A.\u015e. ile payla\u015fmay\u0131 kabul ediyorum. [&hellip;]<\/p>\n","protected":false},"author":1,"featured_media":0,"parent":0,"menu_order":0,"comment_status":"closed","ping_status":"closed","template":"","meta":{"footnotes":""},"class_list":["post-132","page","type-page","status-publish","hentry"],"_links":{"self":[{"href":"https:\/\/selinakinci.com.tr\/wp-json\/wp\/v2\/pages\/132","targetHints":{"allow":["GET"]}}],"collection":[{"href":"https:\/\/selinakinci.com.tr\/wp-json\/wp\/v2\/pages"}],"about":[{"href":"https:\/\/selinakinci.com.tr\/wp-json\/wp\/v2\/types\/page"}],"author":[{"embeddable":true,"href":"https:\/\/selinakinci.com.tr\/wp-json\/wp\/v2\/users\/1"}],"replies":[{"embeddable":true,"href":"https:\/\/selinakinci.com.tr\/wp-json\/wp\/v2\/comments?post=132"}],"version-history":[{"count":13,"href":"https:\/\/selinakinci.com.tr\/wp-json\/wp\/v2\/pages\/132\/revisions"}],"predecessor-version":[{"id":414,"href":"https:\/\/selinakinci.com.tr\/wp-json\/wp\/v2\/pages\/132\/revisions\/414"}],"wp:attachment":[{"href":"https:\/\/selinakinci.com.tr\/wp-json\/wp\/v2\/media?parent=132"}],"curies":[{"name":"wp","href":"https:\/\/api.w.org\/{rel}","templated":true}]}}